{"id":20607,"date":"2025-06-23T21:18:50","date_gmt":"2025-06-24T03:18:50","guid":{"rendered":"https:\/\/legand.com\/carta-abierta\/"},"modified":"2025-08-14T15:05:11","modified_gmt":"2025-08-14T21:05:11","slug":"carta-del-chairman","status":"publish","type":"page","link":"https:\/\/legand.com\/es\/carta-del-chairman\/","title":{"rendered":"Carta del Chairman"},"content":{"rendered":"\t\t<div data-elementor-type=\"wp-page\" data-elementor-id=\"20607\" class=\"elementor elementor-20607 elementor-15627\" data-elementor-post-type=\"page\">\n\t\t\t\t<div class=\"elementor-element elementor-element-433c9a74 e-con-full e-flex e-con e-parent\" data-id=\"433c9a74\" data-element_type=\"container\" data-settings=\"{&quot;background_background&quot;:&quot;classic&quot;}\">\n\t\t<div class=\"elementor-element elementor-element-62230d15 e-flex e-con-boxed e-con e-child\" data-id=\"62230d15\" data-element_type=\"container\">\n\t\t\t\t\t<div class=\"e-con-inner\">\n\t\t\t\t<div class=\"elementor-element elementor-element-7bd33d40 elementor-widget elementor-widget-heading\" data-id=\"7bd33d40\" data-element_type=\"widget\" data-settings=\"{&quot;_animation_laptop&quot;:&quot;fadeInUp&quot;}\" data-widget_type=\"heading.default\">\n\t\t\t\t<div class=\"elementor-widget-container\">\n\t\t\t\t\t<h2 class=\"elementor-heading-title elementor-size-default\"><b class=\"texto-azul-claro2\">El legado<\/b> comienza aqu\u00ed <\/h2>\t\t\t\t<\/div>\n\t\t\t\t<\/div>\n\t\t\t\t<div class=\"elementor-element elementor-element-515996db elementor-widget elementor-widget-text-editor\" data-id=\"515996db\" data-element_type=\"widget\" data-settings=\"{&quot;_animation_laptop&quot;:&quot;fadeInUp&quot;}\" data-widget_type=\"text-editor.default\">\n\t\t\t\t<div class=\"elementor-widget-container\">\n\t\t\t\t\t\t\t\t\tLas grandes ideas empiezan con pasos peque\u00f1os, pero dejan una huella para siempre\t\t\t\t\t\t\t\t<\/div>\n\t\t\t\t<\/div>\n\t\t\t\t<div class=\"elementor-element elementor-element-61c5da8 elementor-widget elementor-widget-spacer\" data-id=\"61c5da8\" data-element_type=\"widget\" data-widget_type=\"spacer.default\">\n\t\t\t\t<div class=\"elementor-widget-container\">\n\t\t\t\t\t\t\t<div class=\"elementor-spacer\">\n\t\t\t<div class=\"elementor-spacer-inner\"><\/div>\n\t\t<\/div>\n\t\t\t\t\t\t<\/div>\n\t\t\t\t<\/div>\n\t\t\t\t\t<\/div>\n\t\t\t\t<\/div>\n\t\t\t\t<\/div>\n\t\t<div class=\"elementor-element elementor-element-94d3574 e-con-full e-flex e-con e-parent\" data-id=\"94d3574\" data-element_type=\"container\" data-settings=\"{&quot;background_background&quot;:&quot;classic&quot;}\">\n\t\t<div class=\"elementor-element elementor-element-6f6d321 e-flex e-con-boxed e-con e-child\" data-id=\"6f6d321\" data-element_type=\"container\">\n\t\t\t\t\t<div class=\"e-con-inner\">\n\t\t\t\t<div class=\"elementor-element elementor-element-b4a9ed2 elementor-widget elementor-widget-heading\" data-id=\"b4a9ed2\" data-element_type=\"widget\" data-settings=\"{&quot;_animation_laptop&quot;:&quot;fadeInUp&quot;}\" data-widget_type=\"heading.default\">\n\t\t\t\t<div class=\"elementor-widget-container\">\n\t\t\t\t\t<h2 class=\"elementor-heading-title elementor-size-default\">El prop\u00f3sito es la raz\u00f3n de ser<\/h2>\t\t\t\t<\/div>\n\t\t\t\t<\/div>\n\t\t\t\t<div class=\"elementor-element elementor-element-c05c5e3 elementor-widget elementor-widget-spacer\" data-id=\"c05c5e3\" data-element_type=\"widget\" data-widget_type=\"spacer.default\">\n\t\t\t\t<div class=\"elementor-widget-container\">\n\t\t\t\t\t\t\t<div class=\"elementor-spacer\">\n\t\t\t<div class=\"elementor-spacer-inner\"><\/div>\n\t\t<\/div>\n\t\t\t\t\t\t<\/div>\n\t\t\t\t<\/div>\n\t\t<div class=\"elementor-element elementor-element-6839a48 e-con-full e-flex e-con e-child\" data-id=\"6839a48\" data-element_type=\"container\">\n\t\t<div class=\"elementor-element elementor-element-8142573 e-con-full e-flex e-con e-child\" data-id=\"8142573\" data-element_type=\"container\">\n\t\t\t\t<div class=\"elementor-element elementor-element-bc90c7d elementor-widget elementor-widget-image\" data-id=\"bc90c7d\" data-element_type=\"widget\" data-widget_type=\"image.default\">\n\t\t\t\t<div class=\"elementor-widget-container\">\n\t\t\t\t\t\t\t\t\t\t\t\t\t\t\t<img fetchpriority=\"high\" decoding=\"async\" width=\"685\" height=\"818\" src=\"https:\/\/legand.com\/wp-content\/uploads\/2025\/07\/Javier-Open-latter-legandx2.png\" class=\"attachment-full size-full wp-image-19663\" alt=\"\" \/>\t\t\t\t\t\t\t\t\t\t\t\t\t\t\t<\/div>\n\t\t\t\t<\/div>\n\t\t\t\t<\/div>\n\t\t<div class=\"elementor-element elementor-element-5c0b98e e-con-full e-flex e-con e-child\" data-id=\"5c0b98e\" data-element_type=\"container\">\n\t\t\t\t<div class=\"elementor-element elementor-element-d18e140 elementor-widget elementor-widget-heading\" data-id=\"d18e140\" data-element_type=\"widget\" data-widget_type=\"heading.default\">\n\t\t\t\t<div class=\"elementor-widget-container\">\n\t\t\t\t\t<h2 class=\"elementor-heading-title elementor-size-default\">Carta de Nuestro Presidente<\/h2>\t\t\t\t<\/div>\n\t\t\t\t<\/div>\n\t\t\t\t<div class=\"elementor-element elementor-element-6842aa1 elementor-invisible elementor-widget elementor-widget-text-editor\" data-id=\"6842aa1\" data-element_type=\"widget\" data-settings=\"{&quot;_animation_laptop&quot;:&quot;fadeInUp&quot;,&quot;_animation&quot;:&quot;fadeInUp&quot;}\" data-widget_type=\"text-editor.default\">\n\t\t\t\t<div class=\"elementor-widget-container\">\n\t\t\t\t\t\t\t\t\tEn Legand, comenzamos con una convicci\u00f3n sencilla pero poderosa: la infraestructura no se trata solo de caminos, puentes o edificios \u2014 se trata de las personas. Desde el inicio, nuestro prop\u00f3sito ha sido claro: empoderar a las comunidades generando prosperidad con intenci\u00f3n. Creemos que la verdadera transformaci\u00f3n ocurre cuando atendemos lo que realmente importa: las condiciones en que vive la gente, las oportunidades a las que puede acceder y los entornos que habita.\n\t\t\t\t\t\t\t\t<\/div>\n\t\t\t\t<\/div>\n\t\t\t\t<div class=\"elementor-element elementor-element-b563331 elementor-invisible elementor-widget elementor-widget-text-editor\" data-id=\"b563331\" data-element_type=\"widget\" data-settings=\"{&quot;_animation&quot;:&quot;fadeInUp&quot;}\" data-widget_type=\"text-editor.default\">\n\t\t\t\t<div class=\"elementor-widget-container\">\n\t\t\t\t\t\t\t\t\tLegand naci\u00f3 del deseo de construir de manera distinta \u2014 de liderar con prop\u00f3sito, desafiar lo convencional y reimaginar lo que la infraestructura puede ser cuando est\u00e1 guiada por valores, no solo por presupuestos o cronogramas. Vimos la oportunidad de construir con intenci\u00f3n \u2014 fundamentados en datos, moldeados por necesidades reales y comprometidos con un impacto duradero.\n\t\t\t\t\t\t\t\t<\/div>\n\t\t\t\t<\/div>\n\t\t\t\t<\/div>\n\t\t\t\t<\/div>\n\t\t\t\t<div class=\"elementor-element elementor-element-020143e elementor-invisible elementor-widget elementor-widget-text-editor\" data-id=\"020143e\" data-element_type=\"widget\" data-settings=\"{&quot;_animation_laptop&quot;:&quot;fadeInUp&quot;,&quot;_animation&quot;:&quot;fadeInUp&quot;}\" data-widget_type=\"text-editor.default\">\n\t\t\t\t<div class=\"elementor-widget-container\">\n\t\t\t\t\t\t\t\t\tEn el coraz\u00f3n de nuestro trabajo est\u00e1 una comprensi\u00f3n compartida de la dignidad humana. No importa d\u00f3nde viva la gente, sus aspiraciones son universales: seguridad, oportunidad, pertenencia y la posibilidad de prosperar. Esos valores comunes gu\u00edan cada decisi\u00f3n que tomamos. Nos recuerdan que el verdadero progreso debe ser significativo y medible \u2014 y que comienza escuchando con profundidad.\n\t\t\t\t\t\t\t\t<\/div>\n\t\t\t\t<\/div>\n\t\t\t\t<div class=\"elementor-element elementor-element-0c60d34 elementor-invisible elementor-widget elementor-widget-text-editor\" data-id=\"0c60d34\" data-element_type=\"widget\" data-settings=\"{&quot;_animation&quot;:&quot;fadeInUp&quot;}\" data-widget_type=\"text-editor.default\">\n\t\t\t\t<div class=\"elementor-widget-container\">\n\t\t\t\t\t\t\t\t\tPor eso, en Legand no nos definimos por categor\u00edas, sino por impacto. Construimos sistemas y espacios resilientes que mejoran la calidad de vida \u2014 infraestructura que evoluciona con las comunidades, que restaura los ecosistemas y que resiste el paso del tiempo. Cada proyecto que emprendemos est\u00e1 basado en el an\u00e1lisis y la intenci\u00f3n, dise\u00f1ado no solo para responder al presente, sino para construir un mejor futuro.\n\t\t\t\t\t\t\t\t<\/div>\n\t\t\t\t<\/div>\n\t\t\t\t<div class=\"elementor-element elementor-element-fdac681 elementor-invisible elementor-widget elementor-widget-text-editor\" data-id=\"fdac681\" data-element_type=\"widget\" data-settings=\"{&quot;_animation_laptop&quot;:&quot;fadeInUp&quot;,&quot;_animation&quot;:&quot;fadeInUp&quot;}\" data-widget_type=\"text-editor.default\">\n\t\t\t\t<div class=\"elementor-widget-container\">\n\t\t\t\t\t\t\t\t\tAl mirar hacia adelante, nuestro compromiso sigue firme. No estamos aqu\u00ed para construir m\u00e1s. Estamos aqu\u00ed para construir mejor \u2014 por las vidas que tocamos y el legado que queremos dejar. Porque cuando lideramos con empat\u00eda, actuamos con precisi\u00f3n y construimos con visi\u00f3n, no solo levantamos infraestructura. Transformamos realidades. Generamos regeneraci\u00f3n. Y sentamos las bases de un ma\u00f1ana m\u00e1s equitativo y con prop\u00f3sito.\n\t\t\t\t\t\t\t\t<\/div>\n\t\t\t\t<\/div>\n\t\t\t\t<div class=\"elementor-element elementor-element-6d46603 elementor-widget elementor-widget-spacer\" data-id=\"6d46603\" data-element_type=\"widget\" data-widget_type=\"spacer.default\">\n\t\t\t\t<div class=\"elementor-widget-container\">\n\t\t\t\t\t\t\t<div class=\"elementor-spacer\">\n\t\t\t<div class=\"elementor-spacer-inner\"><\/div>\n\t\t<\/div>\n\t\t\t\t\t\t<\/div>\n\t\t\t\t<\/div>\n\t\t\t\t<div class=\"elementor-element elementor-element-2e2a02f elementor-widget elementor-widget-heading\" data-id=\"2e2a02f\" data-element_type=\"widget\" data-widget_type=\"heading.default\">\n\t\t\t\t<div class=\"elementor-widget-container\">\n\t\t\t\t\t<h2 class=\"elementor-heading-title elementor-size-default\">Con gratitud,<\/h2>\t\t\t\t<\/div>\n\t\t\t\t<\/div>\n\t\t\t\t<div class=\"elementor-element elementor-element-7e3b729 elementor-widget elementor-widget-image\" data-id=\"7e3b729\" data-element_type=\"widget\" data-widget_type=\"image.default\">\n\t\t\t\t<div class=\"elementor-widget-container\">\n\t\t\t\t\t\t\t\t\t\t\t\t\t\t\t<img decoding=\"async\" width=\"355\" height=\"178\" src=\"https:\/\/legand.com\/wp-content\/uploads\/2025\/08\/firma_JGB.png\" class=\"attachment-full size-full wp-image-20031\" alt=\"\" \/>\t\t\t\t\t\t\t\t\t\t\t\t\t\t\t<\/div>\n\t\t\t\t<\/div>\n\t\t\t\t<div class=\"elementor-element elementor-element-4a010d0 elementor-widget elementor-widget-heading\" data-id=\"4a010d0\" data-element_type=\"widget\" data-widget_type=\"heading.default\">\n\t\t\t\t<div class=\"elementor-widget-container\">\n\t\t\t\t\t<h2 class=\"elementor-heading-title elementor-size-default\">Javier Garza Buffington\n<\/h2>\t\t\t\t<\/div>\n\t\t\t\t<\/div>\n\t\t\t\t<div class=\"elementor-element elementor-element-d133d1a elementor-widget elementor-widget-heading\" data-id=\"d133d1a\" data-element_type=\"widget\" data-widget_type=\"heading.default\">\n\t\t\t\t<div class=\"elementor-widget-container\">\n\t\t\t\t\t<h2 class=\"elementor-heading-title elementor-size-default\">Presidente y Director General, Legand\n<\/h2>\t\t\t\t<\/div>\n\t\t\t\t<\/div>\n\t\t\t\t\t<\/div>\n\t\t\t\t<\/div>\n\t\t\t\t<\/div>\n\t\t<div class=\"elementor-element elementor-element-32e6280 e-con-full e-flex e-con e-parent\" data-id=\"32e6280\" data-element_type=\"container\" data-settings=\"{&quot;background_background&quot;:&quot;classic&quot;}\">\n\t\t<div class=\"elementor-element elementor-element-c84b52c e-con-full e-flex e-con e-child\" data-id=\"c84b52c\" data-element_type=\"container\">\n\t\t\t\t<div class=\"elementor-element elementor-element-b01b82f elementor-widget elementor-widget-heading\" data-id=\"b01b82f\" data-element_type=\"widget\" data-widget_type=\"heading.default\">\n\t\t\t\t<div class=\"elementor-widget-container\">\n\t\t\t\t\t<h2 class=\"elementor-heading-title elementor-size-default\">Con cada paso que damos, <br>\n<b style=\"font-weight: 700\">construimos un legado que trasciende.<\/b>\n\n<\/h2>\t\t\t\t<\/div>\n\t\t\t\t<\/div>\n\t\t\t\t<\/div>\n\t\t\t\t<\/div>\n\t\t\t\t<\/div>\n\t\t","protected":false},"excerpt":{"rendered":"<p>El legado comienza aqu\u00ed Las grandes ideas empiezan con pasos peque\u00f1os, pero dejan una huella para siempre El prop\u00f3sito es la raz\u00f3n de ser Carta de Nuestro Presidente En Legand, comenzamos con una convicci\u00f3n sencilla pero poderosa: la infraestructura no se trata solo de caminos, puentes o edificios \u2014 se trata de las personas. Desde [&hellip;]<\/p>\n","protected":false},"author":1,"featured_media":0,"parent":0,"menu_order":0,"comment_status":"closed","ping_status":"closed","template":"elementor_header_footer","meta":{"_acf_changed":false,"footnotes":""},"class_list":["post-20607","page","type-page","status-publish","hentry"],"acf":[],"_links":{"self":[{"href":"https:\/\/legand.com\/es\/wp-json\/wp\/v2\/pages\/20607","targetHints":{"allow":["GET"]}}],"collection":[{"href":"https:\/\/legand.com\/es\/wp-json\/wp\/v2\/pages"}],"about":[{"href":"https:\/\/legand.com\/es\/wp-json\/wp\/v2\/types\/page"}],"author":[{"embeddable":true,"href":"https:\/\/legand.com\/es\/wp-json\/wp\/v2\/users\/1"}],"replies":[{"embeddable":true,"href":"https:\/\/legand.com\/es\/wp-json\/wp\/v2\/comments?post=20607"}],"version-history":[{"count":9,"href":"https:\/\/legand.com\/es\/wp-json\/wp\/v2\/pages\/20607\/revisions"}],"predecessor-version":[{"id":20941,"href":"https:\/\/legand.com\/es\/wp-json\/wp\/v2\/pages\/20607\/revisions\/20941"}],"wp:attachment":[{"href":"https:\/\/legand.com\/es\/wp-json\/wp\/v2\/media?parent=20607"}],"curies":[{"name":"wp","href":"https:\/\/api.w.org\/{rel}","templated":true}]}}